{"id":739,"date":"2026-01-18T14:01:11","date_gmt":"2026-01-18T14:01:11","guid":{"rendered":"https:\/\/www.fundacja-kbg.pl\/home\/?page_id=739"},"modified":"2026-01-23T21:13:16","modified_gmt":"2026-01-23T21:13:16","slug":"wspieram","status":"publish","type":"page","link":"https:\/\/www.fundacja-kbg.pl\/home\/wspieram\/","title":{"rendered":"Wspieram"},"content":{"rendered":"\t\t<div data-elementor-type=\"wp-page\" data-elementor-id=\"739\" class=\"elementor elementor-739\">\n\t\t\t\t<div class=\"elementor-element elementor-element-f2085dc e-flex e-con-boxed e-con e-parent\" data-id=\"f2085dc\" data-element_type=\"container\" data-e-type=\"container\" data-settings=\"{&quot;background_background&quot;:&quot;classic&quot;}\">\n\t\t\t\t\t<div class=\"e-con-inner\">\n\t\t<div class=\"elementor-element elementor-element-526dbfb e-con-full e-flex e-con e-child\" data-id=\"526dbfb\" data-element_type=\"container\" data-e-type=\"container\">\n\t\t\t\t<div class=\"elementor-element elementor-element-c62c8cc elementor-widget elementor-widget-heading\" data-id=\"c62c8cc\" data-element_type=\"widget\" data-e-type=\"widget\" data-widget_type=\"heading.default\">\n\t\t\t\t<div class=\"elementor-widget-container\">\n\t\t\t\t\t<h1 class=\"elementor-heading-title elementor-size-default\">Jak mo\u017cesz nas wesprze\u0107?<\/h1>\t\t\t\t<\/div>\n\t\t\t\t<\/div>\n\t\t\t\t<\/div>\n\t\t\t\t\t<\/div>\n\t\t\t\t<\/div>\n\t\t<div class=\"elementor-element elementor-element-325d652 e-flex e-con-boxed e-con e-parent\" data-id=\"325d652\" data-element_type=\"container\" data-e-type=\"container\">\n\t\t\t\t\t<div class=\"e-con-inner\">\n\t\t<div class=\"elementor-element elementor-element-3992942 e-con-full e-flex e-con e-child\" data-id=\"3992942\" data-element_type=\"container\" data-e-type=\"container\">\n\t\t\t\t<div class=\"elementor-element elementor-element-7676bef elementor-widget elementor-widget-image\" data-id=\"7676bef\" data-element_type=\"widget\" data-e-type=\"widget\" data-widget_type=\"image.default\">\n\t\t\t\t<div class=\"elementor-widget-container\">\n\t\t\t\t\t\t\t\t\t\t\t\t\t\t\t<img decoding=\"async\" width=\"300\" height=\"132\" src=\"https:\/\/www.fundacja-kbg.pl\/home\/wp-content\/uploads\/2026\/01\/cropped-kbg-logo-300x132.png\" class=\"attachment-medium size-medium wp-image-656\" alt=\"\" srcset=\"https:\/\/www.fundacja-kbg.pl\/home\/wp-content\/uploads\/2026\/01\/cropped-kbg-logo-300x132.png 300w, https:\/\/www.fundacja-kbg.pl\/home\/wp-content\/uploads\/2026\/01\/cropped-kbg-logo.png 564w\" sizes=\"(max-width: 300px) 100vw, 300px\" \/>\t\t\t\t\t\t\t\t\t\t\t\t\t\t\t<\/div>\n\t\t\t\t<\/div>\n\t\t\t\t<\/div>\n\t\t<div class=\"elementor-element elementor-element-d13a695 e-con-full e-flex e-con e-child\" data-id=\"d13a695\" data-element_type=\"container\" data-e-type=\"container\">\n\t\t<div class=\"elementor-element elementor-element-1a5f200 e-con-full e-flex e-con e-child\" data-id=\"1a5f200\" data-element_type=\"container\" data-e-type=\"container\">\n\t\t\t\t<div class=\"elementor-element elementor-element-d1f1aff elementor-widget elementor-widget-heading\" data-id=\"d1f1aff\" data-element_type=\"widget\" data-e-type=\"widget\" data-widget_type=\"heading.default\">\n\t\t\t\t<div class=\"elementor-widget-container\">\n\t\t\t\t\t<h4 class=\"elementor-heading-title elementor-size-default\">Dzia\u0142ania Fundacji KBG Polska s\u0105 mo\u017cliwe dzi\u0119ki zaanga\u017cowaniu i wsparciu os\u00f3b, kt\u00f3rym bliskie s\u0105 nasze cele statutowe. Ka\u017cda forma pomocy ma realne znaczenie i przyczynia si\u0119 do realizacji naszych inicjatyw.<\/h4>\t\t\t\t<\/div>\n\t\t\t\t<\/div>\n\t\t\t\t<\/div>\n\t\t\t\t<\/div>\n\t\t\t\t\t<\/div>\n\t\t\t\t<\/div>\n\t\t<div class=\"elementor-element elementor-element-a398d2a e-flex e-con-boxed e-con e-parent\" data-id=\"a398d2a\" data-element_type=\"container\" data-e-type=\"container\" data-settings=\"{&quot;background_background&quot;:&quot;classic&quot;}\">\n\t\t\t\t\t<div class=\"e-con-inner\">\n\t\t<div class=\"elementor-element elementor-element-32005ef e-con-full e-flex e-con e-child\" data-id=\"32005ef\" data-element_type=\"container\" data-e-type=\"container\">\n\t\t\t\t<div class=\"elementor-element elementor-element-6274c5c elementor-widget elementor-widget-text-editor\" data-id=\"6274c5c\" data-element_type=\"widget\" data-e-type=\"widget\" data-widget_type=\"text-editor.default\">\n\t\t\t\t<div class=\"elementor-widget-container\">\n\t\t\t\t\t\t\t\t\t<h3 data-start=\"431\" data-end=\"453\">Wsparcie finansowe<\/h3><p data-start=\"454\" data-end=\"561\">Je\u015bli chcesz wesprze\u0107 nasz\u0105 dzia\u0142alno\u015b\u0107, mo\u017cesz dokona\u0107 dobrowolnej darowizny na rachunek bankowy fundacji:<\/p><p data-start=\"563\" data-end=\"680\"><strong data-start=\"563\" data-end=\"586\">Fundacja KBG Polska<\/strong><br data-start=\"586\" data-end=\"589\" \/><strong data-start=\"589\" data-end=\"602\">Nr konta: 57 1090 1405 0000 0001 6420 1000<\/strong><br data-start=\"630\" data-end=\"633\" \/><strong data-start=\"633\" data-end=\"652\">Tytu\u0142 przelewu:<\/strong> Darowizna na cele statutowe<\/p><p data-start=\"682\" data-end=\"768\">\u015arodki finansowe przeznaczane s\u0105 wy\u0142\u0105cznie na realizacj\u0119 dzia\u0142a\u0144 statutowych fundacji.<\/p>\t\t\t\t\t\t\t\t<\/div>\n\t\t\t\t<\/div>\n\t\t\t\t<\/div>\n\t\t<div class=\"elementor-element elementor-element-0062c67 e-con-full e-flex e-con e-child\" data-id=\"0062c67\" data-element_type=\"container\" data-e-type=\"container\">\n\t\t<div class=\"elementor-element elementor-element-0dc9150 e-con-full e-flex e-con e-child\" data-id=\"0dc9150\" data-element_type=\"container\" data-e-type=\"container\">\n\t\t\t\t<div class=\"elementor-element elementor-element-f6a094a elementor-widget elementor-widget-text-editor\" data-id=\"f6a094a\" data-element_type=\"widget\" data-e-type=\"widget\" data-widget_type=\"text-editor.default\">\n\t\t\t\t<div class=\"elementor-widget-container\">\n\t\t\t\t\t\t\t\t\t<h3 data-start=\"770\" data-end=\"793\">Inne formy wsparcia<\/h3><p data-start=\"794\" data-end=\"823\">Mo\u017cesz r\u00f3wnie\u017c pom\u00f3c poprzez:<\/p><ul data-start=\"824\" data-end=\"935\"><li data-start=\"824\" data-end=\"867\"><p data-start=\"826\" data-end=\"867\">wsp\u00f3\u0142prac\u0119 merytoryczn\u0105 lub partnersk\u0105,<\/p><\/li><li data-start=\"868\" data-end=\"895\"><p data-start=\"870\" data-end=\"895\">wsparcie organizacyjne,<\/p><\/li><li data-start=\"896\" data-end=\"935\"><p data-start=\"898\" data-end=\"935\">zaanga\u017cowanie w realizowane projekty.<\/p><\/li><\/ul><p data-start=\"937\" data-end=\"1037\">Je\u015bli chcesz dowiedzie\u0107 si\u0119 wi\u0119cej, zapraszamy do kontaktu za po\u015brednictwem formularza kontaktowego.<\/p>\t\t\t\t\t\t\t\t<\/div>\n\t\t\t\t<\/div>\n\t\t\t\t<div class=\"elementor-element elementor-element-0e287b4 elementor-widget elementor-widget-button\" data-id=\"0e287b4\" data-element_type=\"widget\" data-e-type=\"widget\" data-widget_type=\"button.default\">\n\t\t\t\t<div class=\"elementor-widget-container\">\n\t\t\t\t\t\t\t\t\t<div class=\"elementor-button-wrapper\">\n\t\t\t\t\t<a class=\"elementor-button elementor-button-link elementor-size-sm\" href=\"\/home\/kontakt-2\/\">\n\t\t\t\t\t\t<span class=\"elementor-button-content-wrapper\">\n\t\t\t\t\t\t\t\t\t<span class=\"elementor-button-text\">Kontakt<\/span>\n\t\t\t\t\t<\/span>\n\t\t\t\t\t<\/a>\n\t\t\t\t<\/div>\n\t\t\t\t\t\t\t\t<\/div>\n\t\t\t\t<\/div>\n\t\t\t\t<\/div>\n\t\t\t\t<\/div>\n\t\t\t\t\t<\/div>\n\t\t\t\t<\/div>\n\t\t<div class=\"elementor-element elementor-element-6305f64 e-flex e-con-boxed e-con e-parent\" data-id=\"6305f64\" data-element_type=\"container\" data-e-type=\"container\">\n\t\t\t\t\t<div class=\"e-con-inner\">\n\t\t\t\t\t<\/div>\n\t\t\t\t<\/div>\n\t\t\t\t<\/div>\n\t\t","protected":false},"excerpt":{"rendered":"<p>Jak mo\u017cesz nas wesprze\u0107? Dzia\u0142ania Fundacji KBG Polska s\u0105 mo\u017cliwe dzi\u0119ki zaanga\u017cowaniu i wsparciu os\u00f3b, kt\u00f3rym bliskie s\u0105 nasze cele statutowe. Ka\u017cda forma pomocy ma realne znaczenie i przyczynia si\u0119 do realizacji naszych inicjatyw. Wsparcie finansowe Je\u015bli chcesz wesprze\u0107 nasz\u0105 dzia\u0142alno\u015b\u0107, mo\u017cesz dokona\u0107 dobrowolnej darowizny na rachunek bankowy fundacji: Fundacja KBG PolskaNr konta: 57 1090 [&hellip;]<\/p>\n","protected":false},"author":1,"featured_media":0,"parent":0,"menu_order":0,"comment_status":"closed","ping_status":"closed","template":"","meta":{"site-sidebar-layout":"no-sidebar","site-content-layout":"page-builder","ast-site-content-layout":"default","site-content-style":"default","site-sidebar-style":"default","ast-global-header-display":"","ast-banner-title-visibility":"","ast-main-header-display":"","ast-hfb-above-header-display":"","ast-hfb-below-header-display":"","ast-hfb-mobile-header-display":"","site-post-title":"disabled","ast-breadcrumbs-content":"disabled","ast-featured-img":"disabled","footer-sml-layout":"","ast-disable-related-posts":"","theme-transparent-header-meta":"enabled","adv-header-id-meta":"","stick-header-meta":"","header-above-stick-meta":"","header-main-stick-meta":"","header-below-stick-meta":"","astra-migrate-meta-layouts":"default","ast-page-background-enabled":"default","ast-page-background-meta":{"desktop":{"background-color":"","background-image":"","background-repeat":"repeat","background-position":"center center","background-size":"auto","background-attachment":"scroll","background-type":"","background-media":"","overlay-type":"","overlay-color":"","overlay-opacity":"","overlay-gradient":""},"tablet":{"background-color":"","background-image":"","background-repeat":"repeat","background-position":"center center","background-size":"auto","background-attachment":"scroll","background-type":"","background-media":"","overlay-type":"","overlay-color":"","overlay-opacity":"","overlay-gradient":""},"mobile":{"background-color":"","background-image":"","background-repeat":"repeat","background-position":"center center","background-size":"auto","background-attachment":"scroll","background-type":"","background-media":"","overlay-type":"","overlay-color":"","overlay-opacity":"","overlay-gradient":""}},"ast-content-background-meta":{"desktop":{"background-color":"var(--ast-global-color-5)","background-image":"","background-repeat":"repeat","background-position":"center center","background-size":"auto","background-attachment":"scroll","background-type":"","background-media":"","overlay-type":"","overlay-color":"","overlay-opacity":"","overlay-gradient":""},"tablet":{"background-color":"var(--ast-global-color-5)","background-image":"","background-repeat":"repeat","background-position":"center center","background-size":"auto","background-attachment":"scroll","background-type":"","background-media":"","overlay-type":"","overlay-color":"","overlay-opacity":"","overlay-gradient":""},"mobile":{"background-color":"var(--ast-global-color-5)","background-image":"","background-repeat":"repeat","background-position":"center center","background-size":"auto","background-attachment":"scroll","background-type":"","background-media":"","overlay-type":"","overlay-color":"","overlay-opacity":"","overlay-gradient":""}},"footnotes":""},"class_list":["post-739","page","type-page","status-publish","hentry"],"_links":{"self":[{"href":"https:\/\/www.fundacja-kbg.pl\/home\/wp-json\/wp\/v2\/pages\/739","targetHints":{"allow":["GET"]}}],"collection":[{"href":"https:\/\/www.fundacja-kbg.pl\/home\/wp-json\/wp\/v2\/pages"}],"about":[{"href":"https:\/\/www.fundacja-kbg.pl\/home\/wp-json\/wp\/v2\/types\/page"}],"author":[{"embeddable":true,"href":"https:\/\/www.fundacja-kbg.pl\/home\/wp-json\/wp\/v2\/users\/1"}],"replies":[{"embeddable":true,"href":"https:\/\/www.fundacja-kbg.pl\/home\/wp-json\/wp\/v2\/comments?post=739"}],"version-history":[{"count":17,"href":"https:\/\/www.fundacja-kbg.pl\/home\/wp-json\/wp\/v2\/pages\/739\/revisions"}],"predecessor-version":[{"id":796,"href":"https:\/\/www.fundacja-kbg.pl\/home\/wp-json\/wp\/v2\/pages\/739\/revisions\/796"}],"wp:attachment":[{"href":"https:\/\/www.fundacja-kbg.pl\/home\/wp-json\/wp\/v2\/media?parent=739"}],"curies":[{"name":"wp","href":"https:\/\/api.w.org\/{rel}","templated":true}]}}